{"id":6,"date":"2023-04-10T11:30:11","date_gmt":"2023-04-10T11:30:11","guid":{"rendered":"https:\/\/shivdanstudio.com\/index.php\/front_page\/"},"modified":"2023-04-10T20:48:29","modified_gmt":"2023-04-10T20:48:29","slug":"front_page","status":"publish","type":"page","link":"https:\/\/shivdanstudio.com\/","title":{"rendered":"Shiv Danse Studio"},"content":{"rendered":"\t\t<div data-elementor-type=\"wp-page\" data-elementor-id=\"6\" class=\"elementor elementor-6\">\n\t\t\t\t\t\t\t\t\t<section class=\"elementor-section elementor-top-section elementor-element elementor-element-2b8e7e50 elementor-section-boxed elementor-section-height-default elementor-section-height-default\" data-id=\"2b8e7e50\" data-element_type=\"section\">\n\t\t\t\t\t\t<div class=\"elementor-container elementor-column-gap-default\">\n\t\t\t\t\t<div class=\"elementor-column elementor-col-100 elementor-top-column elementor-element elementor-element-37b0dd51\" data-id=\"37b0dd51\" data-element_type=\"column\">\n\t\t\t<div class=\"elementor-widget-wrap elementor-element-populated\">\n\t\t\t\t\t\t\t\t<div class=\"elementor-element elementor-element-67e49ae0 elementor-widget elementor-widget-text-editor\" data-id=\"67e49ae0\" data-element_type=\"widget\" data-widget_type=\"text-editor.default\">\n\t\t\t\t<div class=\"elementor-widget-container\">\n\t\t\t<style>\/*! elementor - v3.12.1 - 02-04-2023 *\/\n.elementor-widget-text-editor.elementor-drop-cap-view-stacked .elementor-drop-cap{background-color:#69727d;color:#fff}.elementor-widget-text-editor.elementor-drop-cap-view-framed .elementor-drop-cap{color:#69727d;border:3px solid;background-color:transparent}.elementor-widget-text-editor:not(.elementor-drop-cap-view-default) .elementor-drop-cap{margin-top:8px}.elementor-widget-text-editor:not(.elementor-drop-cap-view-default) .elementor-drop-cap-letter{width:1em;height:1em}.elementor-widget-text-editor .elementor-drop-cap{float:left;text-align:center;line-height:1;font-size:50px}.elementor-widget-text-editor .elementor-drop-cap-letter{display:inline-block}<\/style>\t\t\t\t<!-- wp:kubio\/section {\"kubio\":{\"id\":\"C8fQveokFc\",\"styleRef\":\"V8ztBI5F_e\",\"props\":{\"width\":\"boxed\",\"verticalAlign\":\"center\",\"showHeader\":false,\"overlapSection\":false,\"attrs\":{\"name\":\"blank\",\"id\":\"blank\"}},\"style\":{\"descendants\":{\"outer\":{\"customHeight\":{\"type\":\"fit-to-content\",\"min-height\":{\"value\":\"\",\"unit\":\"px\"}},\"separators\":{\"bottom\":{\"color\":\"rgba(var(\\u002d\\u002dkubio-color-1),1)\"},\"top\":{\"color\":\"rgba(var(\\u002d\\u002dkubio-color-1),1)\"}},\"padding\":{\"bottom\":{\"value\":0,\"unit\":\"px\"},\"top\":{\"value\":120,\"unit\":\"px\"}},\"media\":{\"tablet\":{\"padding\":{\"top\":{\"value\":90,\"unit\":\"px\"}}},\"mobile\":{\"padding\":{\"top\":{\"value\":60,\"unit\":\"px\"}}}}},\"inner\":{\"margin\":{\"top\":{\"value\":0,\"unit\":\"px\"}}}}},\"hash\":\"d691dd8e\"},\"attrs\":{\"name\":\"Hero accent\"},\"anchor\":\"hero-accent\"} --><!-- wp:kubio\/row {\"kubio\":{\"id\":\"rIRAGP7kX1\",\"styleRef\":\"HRGSsoPQUE\",\"props\":{\"fullBackground\":false,\"layout\":{\"equalWidth\":true,\"equalHeight\":true,\"itemsPerRow\":3,\"verticalAlign\":\"center\",\"horizontalAlign\":\"center\",\"horizontalGap\":2,\"verticalGap\":2,\"horizontalInnerGap\":2,\"verticalInnerGap\":2,\"custom\":{\"horizontalGap\":{\"unit\":\"px\",\"value\":\"\"},\"verticalGap\":{\"unit\":\"px\",\"value\":\"\"},\"horizontalInnerGap\":{\"unit\":\"px\",\"value\":\"\"},\"verticalInnerGap\":{\"unit\":\"px\",\"value\":\"\"}}},\"media\":{\"mobile\":{\"layout\":{\"itemsPerRow\":1,\"horizontalGap\":2,\"outerGapLinked\":false,\"verticalGap\":3}}}},\"hash\":\"0306dc40\"}} --><!-- wp:kubio\/column {\"kubio\":{\"id\":\"0Sh6C3jSvL\",\"styleRef\":\"uVRkZwjkib\",\"props\":{\"overlapOptions\":false,\"layout\":{\"horizontalGap\":2,\"verticalGap\":2,\"custom\":{\"horizontalGap\":{\"unit\":\"px\",\"value\":\"\"},\"verticalGap\":{\"unit\":\"px\",\"value\":\"\"},\"horizontalInnerGap\":{\"unit\":\"px\",\"value\":\"\"},\"verticalInnerGap\":{\"unit\":\"px\",\"value\":\"\"}},\"verticalAlign\":\"start\",\"verticalInnerGap\":3,\"horizontalInnerGap\":3},\"internal\":{\"heroSection\":{\"type\":null}}},\"style\":{\"descendants\":{\"inner\":{\"customHeight\":{\"type\":\"fit-to-content\",\"min-height\":{\"value\":\"\",\"unit\":\"px\"}},\"background\":{\"color\":\"#f8f8f8\"},\"padding\":{\"left\":{\"unit\":\"px\"},\"right\":{\"unit\":\"px\"},\"top\":{\"unit\":\"px\"},\"bottom\":{\"unit\":\"px\"}},\"border\":{\"top\":{\"style\":\"none\"},\"bottom\":{\"style\":\"none\"},\"right\":{\"style\":\"none\"},\"left\":{\"style\":\"none\"}},\"media\":{\"mobile\":{\"margin\":{\"top\":{\"unit\":\"px\"},\"right\":{\"unit\":\"px\"},\"bottom\":{\"value\":\"30\",\"unit\":\"px\"},\"left\":{\"unit\":\"px\"}},\"textAlign\":\"center\"}}},\"container\":{\"media\":{\"mobile\":{\"padding\":{\"left\":{\"unit\":\"px\"},\"right\":{\"unit\":\"px\"},\"top\":{\"unit\":\"px\"},\"bottom\":{\"unit\":\"px\"}}}}}}},\"_style\":{\"descendants\":{\"container\":{\"media\":{\"mobile\":{\"columnWidth\":{\"type\":\"custom\",\"custom\":{\"value\":100,\"unit\":\"%\"}}}}}}},\"hash\":\"751a5174\"}} --><!-- wp:kubio\/icon {\"kubio\":{\"id\":\"6gEWFPNa0T\",\"styleRef\":\"cvfKZq59JL\",\"props\":{\"horizontalAlign\":\"center\"},\"style\":{\"descendants\":{\"outer\":{\"margin\":{\"top\":{\"value\":\"-70\",\"unit\":\"px\"},\"right\":{\"unit\":\"px\"},\"bottom\":{\"unit\":\"px\"},\"left\":{\"unit\":\"px\"}},\"boxShadow\":{\"enabled\":false},\"media\":{\"tablet\":{\"margin\":{\"top\":{\"value\":\"-55\",\"unit\":\"px\"},\"right\":{\"unit\":\"px\"},\"bottom\":{\"unit\":\"px\"},\"left\":{\"unit\":\"px\"}}},\"mobile\":{\"margin\":{\"top\":{\"value\":\"-55\",\"unit\":\"px\"},\"right\":{\"unit\":\"px\"},\"bottom\":{\"unit\":\"px\"},\"left\":{\"unit\":\"px\"}}}}},\"inner\":{\"width\":{\"value\":\"40\",\"unit\":\"px\"},\"height\":{\"value\":\"40\",\"unit\":\"px\"},\"border\":{\"top\":{\"width\":{\"value\":1,\"unit\":\"px\"},\"style\":\"solid\",\"color\":\"rgba(var(\\u002d\\u002dkubio-color-6),1)\",\"radius\":{\"left\":{\"value\":300,\"unit\":\"px\"},\"right\":{\"value\":300,\"unit\":\"px\"}}},\"right\":{\"width\":{\"value\":1,\"unit\":\"px\"},\"style\":\"solid\",\"color\":\"rgba(var(\\u002d\\u002dkubio-color-6),1)\"},\"bottom\":{\"width\":{\"value\":1,\"unit\":\"px\"},\"style\":\"solid\",\"color\":\"rgba(var(\\u002d\\u002dkubio-color-6),1)\",\"radius\":{\"right\":{\"value\":300,\"unit\":\"px\"},\"left\":{\"value\":300,\"unit\":\"px\"}}},\"left\":{\"width\":{\"value\":1,\"unit\":\"px\"},\"style\":\"solid\",\"color\":\"rgba(var(\\u002d\\u002dkubio-color-6),1)\"}},\"padding\":{\"top\":{\"value\":\"20\"},\"left\":{\"value\":\"20\"},\"right\":{\"value\":\"20\"},\"bottom\":{\"value\":\"20\"}},\"background\":{\"color\":\"rgba(var(\\u002d\\u002dkubio-color-5),1)\"},\"boxShadow\":{\"enabled\":false,\"layers\":[{\"color\":\"rgba(0, 0, 0, 0.1)\",\"blur\":\"5\",\"y\":\"2\"}]},\"fill\":\"rgba(var(\\u002d\\u002dkubio-color-6),1)\",\"media\":{\"tablet\":{\"width\":{\"value\":30,\"unit\":\"px\"},\"height\":{\"value\":30,\"unit\":\"px\"}},\"mobile\":{\"width\":{\"value\":30,\"unit\":\"px\"},\"height\":{\"value\":30,\"unit\":\"px\"}}}}}},\"hash\":\"582fad16\"},\"link\":{\"value\":\"\",\"typeOpenLink\":\"sameWindow\",\"noFollow\":false,\"lightboxMedia\":\"\"},\"name\":\"icons8-line-awesome\/mail-forward\"} \/--><!-- wp:kubio\/heading {\"kubio\":{\"id\":\"UnxQs5-kUDq\",\"props\":{\"fancy\":{\"fancyWord\":\"awesome\",\"fancyRotatingWords\":\"beautiful\\namazing\\nimpressive\",\"typeStyle\":\"none\",\"typeShape\":\"curly\",\"typeAnimation\":\"rotate-1\",\"bringToFront\":false,\"useRoundedEdges\":false,\"animationDuration\":{\"value\":\"1\",\"unit\":\"s\"},\"type\":{\"animationDuration\":{\"in\":{\"value\":\"0.1\",\"unit\":\"s\"},\"out\":{\"value\":\"0.1\",\"unit\":\"s\"}}}},\"level\":4},\"style\":{\"descendants\":{\"svgShape\":{\"stroke\":{\"width\":{\"value\":\"8\",\"unit\":\"px\"},\"color\":\"#000000\"}}}},\"styleRef\":\"a_Ob9jqzgFM\",\"hash\":\"t_2LxOTW9gA\"},\"link\":{\"value\":\"\",\"typeOpenLink\":\"sameWindow\",\"noFollow\":false,\"lightboxMedia\":\"\"}} -->\n<p>La danse transcende le langage. Elle est une po\u00e9sie du corps et exprime de fa\u00e7on primale les pulsions, les peurs, les joies et les plaisirs. Elle est une des premi\u00e8res expressions culturelles de la majorit\u00e9 des humains pr\u00e9historiques. Elle reste essentielle dans les soci\u00e9t\u00e9s sans \u00e9criture. Elle parle aux dieux et aux humains. Elle est gr\u00e2ce et harmonie \u00e0 l&rsquo;\u00e9tat pur.<\/p>\t\t\t\t\t\t<\/div>\n\t\t\t\t<\/div>\n\t\t\t\t\t<\/div>\n\t\t<\/div>\n\t\t\t\t\t\t\t<\/div>\n\t\t<\/section>\n\t\t\t\t\t\t\t<\/div>\n\t\t","protected":false},"excerpt":{"rendered":"","protected":false},"author":1,"featured_media":29,"parent":0,"menu_order":0,"comment_status":"closed","ping_status":"closed","template":"","meta":{"_mi_skip_tracking":false},"aioseo_notices":[],"_links":{"self":[{"href":"https:\/\/shivdanstudio.com\/index.php\/wp-json\/wp\/v2\/pages\/6"}],"collection":[{"href":"https:\/\/shivdanstudio.com\/index.php\/wp-json\/wp\/v2\/pages"}],"about":[{"href":"https:\/\/shivdanstudio.com\/index.php\/wp-json\/wp\/v2\/types\/page"}],"author":[{"embeddable":true,"href":"https:\/\/shivdanstudio.com\/index.php\/wp-json\/wp\/v2\/users\/1"}],"replies":[{"embeddable":true,"href":"https:\/\/shivdanstudio.com\/index.php\/wp-json\/wp\/v2\/comments?post=6"}],"version-history":[{"count":9,"href":"https:\/\/shivdanstudio.com\/index.php\/wp-json\/wp\/v2\/pages\/6\/revisions"}],"predecessor-version":[{"id":99,"href":"https:\/\/shivdanstudio.com\/index.php\/wp-json\/wp\/v2\/pages\/6\/revisions\/99"}],"wp:featuredmedia":[{"embeddable":true,"href":"https:\/\/shivdanstudio.com\/index.php\/wp-json\/wp\/v2\/media\/29"}],"wp:attachment":[{"href":"https:\/\/shivdanstudio.com\/index.php\/wp-json\/wp\/v2\/media?parent=6"}],"curies":[{"name":"wp","href":"https:\/\/api.w.org\/{rel}","templated":true}]}}