{"id":485,"date":"2023-05-22T09:39:05","date_gmt":"2023-05-22T09:39:05","guid":{"rendered":"https:\/\/shivdanstudio.com\/?page_id=485"},"modified":"2023-05-22T09:53:33","modified_gmt":"2023-05-22T09:53:33","slug":"recrutement-2","status":"publish","type":"page","link":"https:\/\/shivdanstudio.com\/index.php\/recrutement-2\/","title":{"rendered":"Recrutement"},"content":{"rendered":"\t\t<div data-elementor-type=\"wp-page\" data-elementor-id=\"485\" class=\"elementor elementor-485\">\n\t\t\t\t\t\t\t\t\t<section class=\"elementor-section elementor-top-section elementor-element elementor-element-e430421 elementor-section-boxed elementor-section-height-default elementor-section-height-default\" data-id=\"e430421\" data-element_type=\"section\">\n\t\t\t\t\t\t<div class=\"elementor-container elementor-column-gap-default\">\n\t\t\t\t\t<div class=\"elementor-column elementor-col-100 elementor-top-column elementor-element elementor-element-24857a7\" data-id=\"24857a7\" data-element_type=\"column\">\n\t\t\t<div class=\"elementor-widget-wrap elementor-element-populated\">\n\t\t\t\t\t\t\t\t<div class=\"elementor-element elementor-element-20757a9 elementor-widget elementor-widget-heading\" data-id=\"20757a9\" data-element_type=\"widget\" data-widget_type=\"heading.default\">\n\t\t\t\t<div class=\"elementor-widget-container\">\n\t\t\t<style>\/*! elementor - v3.12.1 - 02-04-2023 *\/\n.elementor-heading-title{padding:0;margin:0;line-height:1}.elementor-widget-heading .elementor-heading-title[class*=elementor-size-]>a{color:inherit;font-size:inherit;line-height:inherit}.elementor-widget-heading .elementor-heading-title.elementor-size-small{font-size:15px}.elementor-widget-heading .elementor-heading-title.elementor-size-medium{font-size:19px}.elementor-widget-heading .elementor-heading-title.elementor-size-large{font-size:29px}.elementor-widget-heading .elementor-heading-title.elementor-size-xl{font-size:39px}.elementor-widget-heading .elementor-heading-title.elementor-size-xxl{font-size:59px}<\/style><h2 class=\"elementor-heading-title elementor-size-default\">Collaborateurs\/trices bienvenus<\/h2>\t\t<\/div>\n\t\t\t\t<\/div>\n\t\t\t\t\t<\/div>\n\t\t<\/div>\n\t\t\t\t\t\t\t<\/div>\n\t\t<\/section>\n\t\t\t\t<section class=\"elementor-section elementor-top-section elementor-element elementor-element-68afb3f elementor-section-boxed elementor-section-height-default elementor-section-height-default\" data-id=\"68afb3f\" data-element_type=\"section\">\n\t\t\t\t\t\t<div class=\"elementor-container elementor-column-gap-default\">\n\t\t\t\t\t<div class=\"elementor-column elementor-col-100 elementor-top-column elementor-element elementor-element-0eabbda\" data-id=\"0eabbda\" data-element_type=\"column\">\n\t\t\t<div class=\"elementor-widget-wrap elementor-element-populated\">\n\t\t\t\t\t\t\t\t<div class=\"elementor-element elementor-element-6261469 elementor-widget elementor-widget-text-editor\" data-id=\"6261469\" data-element_type=\"widget\" data-widget_type=\"text-editor.default\">\n\t\t\t\t<div class=\"elementor-widget-container\">\n\t\t\t<style>\/*! elementor - v3.12.1 - 02-04-2023 *\/\n.elementor-widget-text-editor.elementor-drop-cap-view-stacked .elementor-drop-cap{background-color:#69727d;color:#fff}.elementor-widget-text-editor.elementor-drop-cap-view-framed .elementor-drop-cap{color:#69727d;border:3px solid;background-color:transparent}.elementor-widget-text-editor:not(.elementor-drop-cap-view-default) .elementor-drop-cap{margin-top:8px}.elementor-widget-text-editor:not(.elementor-drop-cap-view-default) .elementor-drop-cap-letter{width:1em;height:1em}.elementor-widget-text-editor .elementor-drop-cap{float:left;text-align:center;line-height:1;font-size:50px}.elementor-widget-text-editor .elementor-drop-cap-letter{display:inline-block}<\/style>\t\t\t\t<p>Ma d\u00e9marche est de valoriser le potentiel cr\u00e9atif de chacun, chacune. Les contraintes techniques sont bien s\u00fbr limitantes et je cherche \u00e0 explorer un seul th\u00e8me \u00e0 la fois.<\/p><p>Mais chaque participant(e) est libre de proposer un personnage dans lequel il\/elle se sent bien et valoris\u00e9e esth\u00e9tiquement.<\/p><p>Je r\u00e9alise des vid\u00e9os tr\u00e8s atypiques qui mettent en jeu des lumi\u00e8res et des costumes rarement vu ailleurs.<\/p><p>J&rsquo;attends de mes collaborateurs\/trices de respecter cette orientation et d&rsquo;admettre que la d\u00e9cision finale m&rsquo;appartient.<\/p><p>Mes capacit\u00e9s de d\u00e9fraiement sont limit\u00e9es mais je respecte le temps et les efforts de chacun\/chacune.<\/p><p>Une participation aux \u00e9ventuels profits sera toujours propos\u00e9e.<\/p><p>Je n&rsquo;ai aucun pr\u00e9jug\u00e9 de genre, race, corpulence, orientation sexuelle, religion.\u00a0<\/p><p>Pour moi, tous les corps sont beaux, il n&rsquo;y a que de mauvais photographes\/metteurs en sc\u00e8ne.<\/p><p>Je suis \u00e0 l&rsquo;\u00e9coute de toute proposition mais ne m&rsquo;engage que sur un nombre limit\u00e9 en fonction de mon emploi du temps et mes moyens techniques et financiers.<\/p>\t\t\t\t\t\t<\/div>\n\t\t\t\t<\/div>\n\t\t\t\t\t<\/div>\n\t\t<\/div>\n\t\t\t\t\t\t\t<\/div>\n\t\t<\/section>\n\t\t\t\t<section class=\"elementor-section elementor-top-section elementor-element elementor-element-273952a elementor-section-boxed elementor-section-height-default elementor-section-height-default\" data-id=\"273952a\" data-element_type=\"section\">\n\t\t\t\t\t\t<div class=\"elementor-container elementor-column-gap-default\">\n\t\t\t\t\t<div class=\"elementor-column elementor-col-100 elementor-top-column elementor-element elementor-element-5556e7c\" data-id=\"5556e7c\" data-element_type=\"column\">\n\t\t\t<div class=\"elementor-widget-wrap elementor-element-populated\">\n\t\t\t\t\t\t\t\t<div class=\"elementor-element elementor-element-0020b5f elementor-widget elementor-widget-heading\" data-id=\"0020b5f\" data-element_type=\"widget\" data-widget_type=\"heading.default\">\n\t\t\t\t<div class=\"elementor-widget-container\">\n\t\t\t<h2 class=\"elementor-heading-title elementor-size-default\">Looking for collaborators<\/h2>\t\t<\/div>\n\t\t\t\t<\/div>\n\t\t\t\t\t<\/div>\n\t\t<\/div>\n\t\t\t\t\t\t\t<\/div>\n\t\t<\/section>\n\t\t\t\t<section class=\"elementor-section elementor-top-section elementor-element elementor-element-98efaff elementor-section-boxed elementor-section-height-default elementor-section-height-default\" data-id=\"98efaff\" data-element_type=\"section\">\n\t\t\t\t\t\t<div class=\"elementor-container elementor-column-gap-default\">\n\t\t\t\t\t<div class=\"elementor-column elementor-col-100 elementor-top-column elementor-element elementor-element-350c159\" data-id=\"350c159\" data-element_type=\"column\">\n\t\t\t<div class=\"elementor-widget-wrap elementor-element-populated\">\n\t\t\t\t\t\t\t\t<div class=\"elementor-element elementor-element-44f34a1 elementor-widget elementor-widget-text-editor\" data-id=\"44f34a1\" data-element_type=\"widget\" data-widget_type=\"text-editor.default\">\n\t\t\t\t<div class=\"elementor-widget-container\">\n\t\t\t\t\t\t\t<p>My approach is to enhance the creative potential of everyone. The technical constraints are of course limiting and I try to explore only one theme at a time.<\/p><p>But each participant is free to propose a character in which he\/she feels good and aesthetically valued.<\/p><p>I make very atypical videos that bring into play lights and costumes rarely seen elsewhere.<\/p><p>I expect my collaborators to respect this orientation and to admit that the final decision belongs to me.<\/p><p>My ability to pay is limited but I respect everyone&rsquo;s time and effort.<\/p><p>Participation in any profits will always be offered.<\/p><p>I have no prejudice of gender, race, corpulence, sexual orientation, religion.<\/p><p>For me, all bodies are beautiful, there are only bad photographers\/directors.<\/p><p>I am listening to any proposal but only commit to a limited number according to my schedule and my technical and financial means.<\/p>\t\t\t\t\t\t<\/div>\n\t\t\t\t<\/div>\n\t\t\t\t\t<\/div>\n\t\t<\/div>\n\t\t\t\t\t\t\t<\/div>\n\t\t<\/section>\n\t\t\t\t\t\t\t<\/div>\n\t\t","protected":false},"excerpt":{"rendered":"<p>Collaborateurs\/trices bienvenus Ma d\u00e9marche est de valoriser le potentiel cr\u00e9atif de chacun, chacune. Les contraintes techniques sont bien s\u00fbr limitantes et je cherche \u00e0 explorer un seul th\u00e8me \u00e0 la fois. Mais chaque participant(e) est libre de proposer un personnage dans lequel il\/elle se sent bien et valoris\u00e9e esth\u00e9tiquement. Je r\u00e9alise des vid\u00e9os tr\u00e8s atypiques [&hellip;]<\/p>\n","protected":false},"author":1,"featured_media":0,"parent":0,"menu_order":0,"comment_status":"closed","ping_status":"closed","template":"","meta":{"_mi_skip_tracking":false},"aioseo_notices":[],"_links":{"self":[{"href":"https:\/\/shivdanstudio.com\/index.php\/wp-json\/wp\/v2\/pages\/485"}],"collection":[{"href":"https:\/\/shivdanstudio.com\/index.php\/wp-json\/wp\/v2\/pages"}],"about":[{"href":"https:\/\/shivdanstudio.com\/index.php\/wp-json\/wp\/v2\/types\/page"}],"author":[{"embeddable":true,"href":"https:\/\/shivdanstudio.com\/index.php\/wp-json\/wp\/v2\/users\/1"}],"replies":[{"embeddable":true,"href":"https:\/\/shivdanstudio.com\/index.php\/wp-json\/wp\/v2\/comments?post=485"}],"version-history":[{"count":13,"href":"https:\/\/shivdanstudio.com\/index.php\/wp-json\/wp\/v2\/pages\/485\/revisions"}],"predecessor-version":[{"id":499,"href":"https:\/\/shivdanstudio.com\/index.php\/wp-json\/wp\/v2\/pages\/485\/revisions\/499"}],"wp:attachment":[{"href":"https:\/\/shivdanstudio.com\/index.php\/wp-json\/wp\/v2\/media?parent=485"}],"curies":[{"name":"wp","href":"https:\/\/api.w.org\/{rel}","templated":true}]}}