{"id":110,"date":"2023-04-11T05:24:13","date_gmt":"2023-04-11T05:24:13","guid":{"rendered":"https:\/\/shivdanstudio.com\/?page_id=110"},"modified":"2023-04-11T06:26:41","modified_gmt":"2023-04-11T06:26:41","slug":"influences-familiales","status":"publish","type":"page","link":"https:\/\/shivdanstudio.com\/index.php\/influences-familiales\/","title":{"rendered":"Influences familiales"},"content":{"rendered":"\t\t<div data-elementor-type=\"wp-page\" data-elementor-id=\"110\" class=\"elementor elementor-110\">\n\t\t\t\t\t\t\t\t\t<section class=\"elementor-section elementor-top-section elementor-element elementor-element-5109741 elementor-section-boxed elementor-section-height-default elementor-section-height-default\" data-id=\"5109741\" data-element_type=\"section\">\n\t\t\t\t\t\t<div class=\"elementor-container elementor-column-gap-default\">\n\t\t\t\t\t<div class=\"elementor-column elementor-col-100 elementor-top-column elementor-element elementor-element-8db0abd\" data-id=\"8db0abd\" data-element_type=\"column\">\n\t\t\t<div class=\"elementor-widget-wrap elementor-element-populated\">\n\t\t\t\t\t\t\t\t<div class=\"elementor-element elementor-element-6f13a4f elementor-widget elementor-widget-text-editor\" data-id=\"6f13a4f\" data-element_type=\"widget\" data-widget_type=\"text-editor.default\">\n\t\t\t\t<div class=\"elementor-widget-container\">\n\t\t\t<style>\/*! elementor - v3.12.1 - 02-04-2023 *\/\n.elementor-widget-text-editor.elementor-drop-cap-view-stacked .elementor-drop-cap{background-color:#69727d;color:#fff}.elementor-widget-text-editor.elementor-drop-cap-view-framed .elementor-drop-cap{color:#69727d;border:3px solid;background-color:transparent}.elementor-widget-text-editor:not(.elementor-drop-cap-view-default) .elementor-drop-cap{margin-top:8px}.elementor-widget-text-editor:not(.elementor-drop-cap-view-default) .elementor-drop-cap-letter{width:1em;height:1em}.elementor-widget-text-editor .elementor-drop-cap{float:left;text-align:center;line-height:1;font-size:50px}.elementor-widget-text-editor .elementor-drop-cap-letter{display:inline-block}<\/style>\t\t\t\t<p>Je pr\u00e9sente dans cette page les influences artistiques dont j&rsquo;ai \u00e9t\u00e9 impr\u00e9gn\u00e9s par ma m\u00e8re et mon p\u00e8re<\/p>\t\t\t\t\t\t<\/div>\n\t\t\t\t<\/div>\n\t\t\t\t\t<\/div>\n\t\t<\/div>\n\t\t\t\t\t\t\t<\/div>\n\t\t<\/section>\n\t\t\t\t<section class=\"elementor-section elementor-top-section elementor-element elementor-element-725003d elementor-section-boxed elementor-section-height-default elementor-section-height-default\" data-id=\"725003d\" data-element_type=\"section\">\n\t\t\t\t\t\t<div class=\"elementor-container elementor-column-gap-default\">\n\t\t\t\t\t<div class=\"elementor-column elementor-col-100 elementor-top-column elementor-element elementor-element-21ca43f\" data-id=\"21ca43f\" data-element_type=\"column\">\n\t\t\t<div class=\"elementor-widget-wrap elementor-element-populated\">\n\t\t\t\t\t\t\t\t<div class=\"elementor-element elementor-element-dca1011 elementor-grid-2 elementor-grid-tablet-2 elementor-grid-mobile-1 elementor-posts--thumbnail-top elementor-widget elementor-widget-posts\" data-id=\"dca1011\" data-element_type=\"widget\" data-settings=\"{&quot;classic_columns&quot;:&quot;2&quot;,&quot;classic_columns_tablet&quot;:&quot;2&quot;,&quot;classic_columns_mobile&quot;:&quot;1&quot;,&quot;classic_row_gap&quot;:{&quot;unit&quot;:&quot;px&quot;,&quot;size&quot;:35,&quot;sizes&quot;:[]},&quot;classic_row_gap_tablet&quot;:{&quot;unit&quot;:&quot;px&quot;,&quot;size&quot;:&quot;&quot;,&quot;sizes&quot;:[]},&quot;classic_row_gap_mobile&quot;:{&quot;unit&quot;:&quot;px&quot;,&quot;size&quot;:&quot;&quot;,&quot;sizes&quot;:[]}}\" data-widget_type=\"posts.classic\">\n\t\t\t\t<div class=\"elementor-widget-container\">\n\t\t\t<link rel=\"stylesheet\" href=\"https:\/\/shivdanstudio.com\/wp-content\/plugins\/elementor-pro\/assets\/css\/widget-posts.min.css\">\t\t<div class=\"elementor-posts-container elementor-posts elementor-posts--skin-classic elementor-grid\">\n\t\t\t\t<article class=\"elementor-post elementor-grid-item post-173 post type-post status-publish format-standard has-post-thumbnail hentry category-influence category-tap-dance tag-claquettes tag-influences-maternelles tag-tap-dance\">\n\t\t\t\t<a class=\"elementor-post__thumbnail__link\" href=\"https:\/\/shivdanstudio.com\/index.php\/2023\/04\/11\/claquettes\/\" >\n\t\t\t<div class=\"elementor-post__thumbnail\"><img decoding=\"async\" width=\"300\" height=\"200\" src=\"https:\/\/shivdanstudio.com\/wp-content\/uploads\/2023\/04\/315649-2179x1453-tap-dancer-shoes-300x200.jpg\" class=\"attachment-medium size-medium wp-image-182\" alt=\"\" loading=\"lazy\" srcset=\"https:\/\/shivdanstudio.com\/wp-content\/uploads\/2023\/04\/315649-2179x1453-tap-dancer-shoes-300x200.jpg 300w, https:\/\/shivdanstudio.com\/wp-content\/uploads\/2023\/04\/315649-2179x1453-tap-dancer-shoes-1024x683.jpg 1024w, https:\/\/shivdanstudio.com\/wp-content\/uploads\/2023\/04\/315649-2179x1453-tap-dancer-shoes-768x512.jpg 768w, https:\/\/shivdanstudio.com\/wp-content\/uploads\/2023\/04\/315649-2179x1453-tap-dancer-shoes-1536x1024.jpg 1536w, https:\/\/shivdanstudio.com\/wp-content\/uploads\/2023\/04\/315649-2179x1453-tap-dancer-shoes-2048x1366.jpg 2048w\" sizes=\"(max-width: 300px) 100vw, 300px\" \/><\/div>\n\t\t<\/a>\n\t\t\t\t<div class=\"elementor-post__text\">\n\t\t\t\t<h3 class=\"elementor-post__title\">\n\t\t\t<a href=\"https:\/\/shivdanstudio.com\/index.php\/2023\/04\/11\/claquettes\/\" >\n\t\t\t\tClaquettes\t\t\t<\/a>\n\t\t<\/h3>\n\t\t\t\t<div class=\"elementor-post__meta-data\">\n\t\t\t\t\t<span class=\"elementor-post-date\">\n\t\t\tavril 11, 2023\t\t<\/span>\n\t\t\t\t<span class=\"elementor-post-avatar\">\n\t\t\tPas de commentaire\t\t<\/span>\n\t\t\t\t<\/div>\n\t\t\t\t<div class=\"elementor-post__excerpt\">\n\t\t\t<p>J&rsquo;ai toujours admir\u00e9 les danseurs de tap dance aka claquettes. Personnellement, je suis nul dans cette technique<\/p>\n\t\t<\/div>\n\t\t\n\t\t<a class=\"elementor-post__read-more\" href=\"https:\/\/shivdanstudio.com\/index.php\/2023\/04\/11\/claquettes\/\" aria-label=\"Read more about Claquettes\" >\n\t\t\tRead More \u00bb\t\t<\/a>\n\n\t\t\t\t<\/div>\n\t\t\t\t<\/article>\n\t\t\t\t<article class=\"elementor-post elementor-grid-item post-135 post type-post status-publish format-standard has-post-thumbnail hentry category-dance category-influence category-jazz tag-influences-maternelles tag-jazz tag-jazz-dance tag-jazz-danse\">\n\t\t\t\t<a class=\"elementor-post__thumbnail__link\" href=\"https:\/\/shivdanstudio.com\/index.php\/2023\/04\/11\/jazz-dance\/\" >\n\t\t\t<div class=\"elementor-post__thumbnail\"><img decoding=\"async\" width=\"300\" height=\"160\" src=\"https:\/\/shivdanstudio.com\/wp-content\/uploads\/2023\/04\/vlcsnap-2023-04-11-08h22m38s822-300x160.png\" class=\"attachment-medium size-medium wp-image-159\" alt=\"\" loading=\"lazy\" srcset=\"https:\/\/shivdanstudio.com\/wp-content\/uploads\/2023\/04\/vlcsnap-2023-04-11-08h22m38s822-300x160.png 300w, https:\/\/shivdanstudio.com\/wp-content\/uploads\/2023\/04\/vlcsnap-2023-04-11-08h22m38s822-1024x546.png 1024w, https:\/\/shivdanstudio.com\/wp-content\/uploads\/2023\/04\/vlcsnap-2023-04-11-08h22m38s822-768x410.png 768w, https:\/\/shivdanstudio.com\/wp-content\/uploads\/2023\/04\/vlcsnap-2023-04-11-08h22m38s822-1536x819.png 1536w, https:\/\/shivdanstudio.com\/wp-content\/uploads\/2023\/04\/vlcsnap-2023-04-11-08h22m38s822.png 1920w\" sizes=\"(max-width: 300px) 100vw, 300px\" \/><\/div>\n\t\t<\/a>\n\t\t\t\t<div class=\"elementor-post__text\">\n\t\t\t\t<h3 class=\"elementor-post__title\">\n\t\t\t<a href=\"https:\/\/shivdanstudio.com\/index.php\/2023\/04\/11\/jazz-dance\/\" >\n\t\t\t\tJazz dance\t\t\t<\/a>\n\t\t<\/h3>\n\t\t\t\t<div class=\"elementor-post__meta-data\">\n\t\t\t\t\t<span class=\"elementor-post-date\">\n\t\t\tavril 11, 2023\t\t<\/span>\n\t\t\t\t<span class=\"elementor-post-avatar\">\n\t\t\tPas de commentaire\t\t<\/span>\n\t\t\t\t<\/div>\n\t\t\t\t<div class=\"elementor-post__excerpt\">\n\t\t\t<p>Avec ma m\u00e8re, je participe \u00e0 des cours de jazz dance C&rsquo;est dans un cours de jazz dance pour des professeurs de gymnastique que je<\/p>\n\t\t<\/div>\n\t\t\n\t\t<a class=\"elementor-post__read-more\" href=\"https:\/\/shivdanstudio.com\/index.php\/2023\/04\/11\/jazz-dance\/\" aria-label=\"Read more about Jazz dance\" >\n\t\t\tRead More \u00bb\t\t<\/a>\n\n\t\t\t\t<\/div>\n\t\t\t\t<\/article>\n\t\t\t\t<article class=\"elementor-post elementor-grid-item post-125 post type-post status-publish format-standard has-post-thumbnail hentry category-dance category-folkore category-folkore-dance category-influence tag-danse tag-folklore tag-wallon tag-wallonne\">\n\t\t\t\t<a class=\"elementor-post__thumbnail__link\" href=\"https:\/\/shivdanstudio.com\/index.php\/2023\/04\/11\/folklore-wallon\/\" >\n\t\t\t<div class=\"elementor-post__thumbnail\"><img decoding=\"async\" width=\"300\" height=\"169\" src=\"https:\/\/shivdanstudio.com\/wp-content\/uploads\/2023\/04\/maxresdefault-300x169.jpg\" class=\"attachment-medium size-medium wp-image-166\" alt=\"\" loading=\"lazy\" srcset=\"https:\/\/shivdanstudio.com\/wp-content\/uploads\/2023\/04\/maxresdefault-300x169.jpg 300w, https:\/\/shivdanstudio.com\/wp-content\/uploads\/2023\/04\/maxresdefault-1024x576.jpg 1024w, https:\/\/shivdanstudio.com\/wp-content\/uploads\/2023\/04\/maxresdefault-768x432.jpg 768w, https:\/\/shivdanstudio.com\/wp-content\/uploads\/2023\/04\/maxresdefault.jpg 1280w\" sizes=\"(max-width: 300px) 100vw, 300px\" \/><\/div>\n\t\t<\/a>\n\t\t\t\t<div class=\"elementor-post__text\">\n\t\t\t\t<h3 class=\"elementor-post__title\">\n\t\t\t<a href=\"https:\/\/shivdanstudio.com\/index.php\/2023\/04\/11\/folklore-wallon\/\" >\n\t\t\t\tFolklore wallon\t\t\t<\/a>\n\t\t<\/h3>\n\t\t\t\t<div class=\"elementor-post__meta-data\">\n\t\t\t\t\t<span class=\"elementor-post-date\">\n\t\t\tavril 11, 2023\t\t<\/span>\n\t\t\t\t<span class=\"elementor-post-avatar\">\n\t\t\tPas de commentaire\t\t<\/span>\n\t\t\t\t<\/div>\n\t\t\t\t<div class=\"elementor-post__excerpt\">\n\t\t\t<p>Ma m\u00e8re participa \u00e0 la troupe de Fanny Thibout Fanny Thibout eut beaucoup d&rsquo;influence sur ma m\u00e8re. Elle s&rsquo;attacha \u00e0 faire vivre le folklore wallon.<\/p>\n\t\t<\/div>\n\t\t\n\t\t<a class=\"elementor-post__read-more\" href=\"https:\/\/shivdanstudio.com\/index.php\/2023\/04\/11\/folklore-wallon\/\" aria-label=\"Read more about Folklore wallon\" >\n\t\t\tRead More \u00bb\t\t<\/a>\n\n\t\t\t\t<\/div>\n\t\t\t\t<\/article>\n\t\t\t\t<\/div>\n\t\t\n\t\t\t\t<\/div>\n\t\t\t\t<\/div>\n\t\t\t\t\t<\/div>\n\t\t<\/div>\n\t\t\t\t\t\t\t<\/div>\n\t\t<\/section>\n\t\t\t\t\t\t\t<\/div>\n\t\t","protected":false},"excerpt":{"rendered":"<p>Je pr\u00e9sente dans cette page les influences artistiques dont j&rsquo;ai \u00e9t\u00e9 impr\u00e9gn\u00e9s par ma m\u00e8re et mon p\u00e8re<\/p>\n","protected":false},"author":1,"featured_media":112,"parent":0,"menu_order":0,"comment_status":"closed","ping_status":"closed","template":"","meta":{"_mi_skip_tracking":false},"aioseo_notices":[],"_links":{"self":[{"href":"https:\/\/shivdanstudio.com\/index.php\/wp-json\/wp\/v2\/pages\/110"}],"collection":[{"href":"https:\/\/shivdanstudio.com\/index.php\/wp-json\/wp\/v2\/pages"}],"about":[{"href":"https:\/\/shivdanstudio.com\/index.php\/wp-json\/wp\/v2\/types\/page"}],"author":[{"embeddable":true,"href":"https:\/\/shivdanstudio.com\/index.php\/wp-json\/wp\/v2\/users\/1"}],"replies":[{"embeddable":true,"href":"https:\/\/shivdanstudio.com\/index.php\/wp-json\/wp\/v2\/comments?post=110"}],"version-history":[{"count":16,"href":"https:\/\/shivdanstudio.com\/index.php\/wp-json\/wp\/v2\/pages\/110\/revisions"}],"predecessor-version":[{"id":165,"href":"https:\/\/shivdanstudio.com\/index.php\/wp-json\/wp\/v2\/pages\/110\/revisions\/165"}],"wp:featuredmedia":[{"embeddable":true,"href":"https:\/\/shivdanstudio.com\/index.php\/wp-json\/wp\/v2\/media\/112"}],"wp:attachment":[{"href":"https:\/\/shivdanstudio.com\/index.php\/wp-json\/wp\/v2\/media?parent=110"}],"curies":[{"name":"wp","href":"https:\/\/api.w.org\/{rel}","templated":true}]}}